{"id":2217,"date":"2026-01-08T13:48:14","date_gmt":"2026-01-08T16:48:14","guid":{"rendered":"https:\/\/ynpar.com\/cookie-policy\/"},"modified":"2026-01-12T11:17:30","modified_gmt":"2026-01-12T14:17:30","slug":"politica-de-cookie","status":"publish","type":"page","link":"https:\/\/ynpar.com\/pt_pt\/politica-de-cookie\/","title":{"rendered":"Pol\u00edtica de Cookie"},"content":{"rendered":"<div data-elementor-type=\"wp-page\" data-elementor-id=\"2217\" class=\"elementor elementor-2217\">\n\t\t\t\t<div class=\"elementor-element elementor-element-6d717980 e-flex e-con-boxed wpr-particle-no wpr-jarallax-no wpr-parallax-no wpr-sticky-section-no e-con e-parent\" data-id=\"6d717980\" data-element_type=\"container\" data-e-type=\"container\" data-settings=\"{&quot;background_background&quot;:&quot;classic&quot;}\">\n\t\t\t\t\t<div class=\"e-con-inner\">\n\t\t\t\t<div class=\"elementor-element elementor-element-2cbb02b elementor-invisible elementor-widget elementor-widget-heading\" data-id=\"2cbb02b\" data-element_type=\"widget\" data-e-type=\"widget\" data-settings=\"{&quot;_animation&quot;:&quot;fadeInUp&quot;,&quot;_animation_delay&quot;:500}\" data-widget_type=\"heading.default\">\n\t\t\t\t\t<h1 class=\"elementor-heading-title elementor-size-default\">Pol\u00edtica de Cookie<\/h1>\t\t\t\t<\/div>\n\t\t\t\t<div class=\"elementor-element elementor-element-7940e1cf elementor-widget-mobile__width-initial elementor-invisible elementor-widget elementor-widget-text-editor\" data-id=\"7940e1cf\" data-element_type=\"widget\" data-e-type=\"widget\" data-settings=\"{&quot;_animation&quot;:&quot;fadeInUp&quot;,&quot;_animation_delay&quot;:500}\" data-widget_type=\"text-editor.default\">\n\t\t\t\t\t\t\t\t\t<p>Conhe\u00e7a nossas solu\u00e7\u00f5es integradas que transformam neg\u00f3cios e conectam pessoas.<\/p>\n<div class=\"hero-buttons\">\u00a0<\/div>\t\t\t\t\t\t\t\t<\/div>\n\t\t<div class=\"elementor-element elementor-element-9b4f102 e-flex e-con-boxed wpr-particle-no wpr-jarallax-no wpr-parallax-no wpr-sticky-section-no elementor-invisible e-con e-child\" data-id=\"9b4f102\" data-element_type=\"container\" data-e-type=\"container\" data-settings=\"{&quot;animation&quot;:&quot;fadeInUp&quot;,&quot;animation_delay&quot;:500}\">\n\t\t\t\t\t<div class=\"e-con-inner\">\n\t\t<div class=\"elementor-element elementor-element-5a323c32 e-con-full e-flex wpr-particle-no wpr-jarallax-no wpr-parallax-no wpr-sticky-section-no e-con e-child\" data-id=\"5a323c32\" data-element_type=\"container\" data-e-type=\"container\">\n\t\t\t\t<div class=\"elementor-element elementor-element-49fbb7ee elementor-align-right elementor-widget elementor-widget-button\" data-id=\"49fbb7ee\" data-element_type=\"widget\" data-e-type=\"widget\" data-widget_type=\"button.default\">\n\t\t\t\t\t\t\t\t\t\t<a class=\"elementor-button elementor-button-link elementor-size-sm\" href=\"#empresas\">\n\t\t\t\t\t\t<span class=\"elementor-button-content-wrapper\">\n\t\t\t\t\t\t\t\t\t<span class=\"elementor-button-text\">Conhe\u00e7a empresas<\/span>\n\t\t\t\t\t<\/span>\n\t\t\t\t\t<\/a>\n\t\t\t\t\t\t\t\t<\/div>\n\t\t\t\t<\/div>\n\t\t<div class=\"elementor-element elementor-element-1fa192f0 e-con-full e-flex wpr-particle-no wpr-jarallax-no wpr-parallax-no wpr-sticky-section-no e-con e-child\" data-id=\"1fa192f0\" data-element_type=\"container\" data-e-type=\"container\">\n\t\t\t\t<div class=\"elementor-element elementor-element-63f835cd elementor-align-left elementor-widget elementor-widget-button\" data-id=\"63f835cd\" data-element_type=\"widget\" data-e-type=\"widget\" data-widget_type=\"button.default\">\n\t\t\t\t\t\t\t\t\t\t<a class=\"elementor-button elementor-button-link elementor-size-sm\" href=\"https:\/\/ynpar.com\/pt_pt\/contato\/\">\n\t\t\t\t\t\t<span class=\"elementor-button-content-wrapper\">\n\t\t\t\t\t\t\t\t\t<span class=\"elementor-button-text\">Fale com consultor<\/span>\n\t\t\t\t\t<\/span>\n\t\t\t\t\t<\/a>\n\t\t\t\t\t\t\t\t<\/div>\n\t\t\t\t<\/div>\n\t\t\t\t\t<\/div>\n\t\t\t\t<\/div>\n\t\t\t\t\t<\/div>\n\t\t\t\t<\/div>\n\t\t<div class=\"elementor-element elementor-element-6cf07bdf e-flex e-con-boxed wpr-particle-no wpr-jarallax-no wpr-parallax-no wpr-sticky-section-no e-con e-parent\" data-id=\"6cf07bdf\" data-element_type=\"container\" data-e-type=\"container\">\n\t\t\t\t\t<div class=\"e-con-inner\">\n\t\t\t\t<div class=\"elementor-element elementor-element-120ec127 elementor-widget elementor-widget-text-editor\" data-id=\"120ec127\" data-element_type=\"widget\" data-e-type=\"widget\" data-widget_type=\"text-editor.default\">\n\t\t\t\t\t\t\t\t\t\n<p>Esta p\u00e1gina fornece informa\u00e7\u00f5es completas sobre como usamos cookies em nosso site para aprimorar sua experi\u00eancia de navega\u00e7\u00e3o, melhorar o desempenho do site e oferecer conte\u00fado personalizado. Cookies s\u00e3o pequenos arquivos de texto armazenados em seu dispositivo quando voc\u00ea visita nosso site. Eles nos ajudam a entender como os visitantes interagem com nosso site, permitindo-nos oferecer uma experi\u00eancia de usu\u00e1rio mais fluida e eficiente. Na tabela abaixo, voc\u00ea encontrar\u00e1 informa\u00e7\u00f5es detalhadas sobre cada tipo de cookie que usamos, sua finalidade e por quanto tempo permanecem em seu dispositivo. Temos o compromisso de respeitar sua privacidade e fornecer transpar\u00eancia sobre os dados que coletamos por meio de cookies. Para obter mais informa\u00e7\u00f5es sobre como lidamos com seus dados pessoais, consulte nossa Pol\u00edtica de Privacidade. <a href=\"https:\/\/ynpar.com\/pt_pt\/politica-de-privacidade\/\">Privacy Policy.<\/a><\/p>\n\n\n<p><\/p>\n<div class=\"wpconsent-cookie-policy\">\n<h2 class=\"wpconsent-cookie-category-name\">Essencial<\/h2>\n<p class=\"wpconsent-cookie-category-description\">Os cookies essenciais permitem fun\u00e7\u00f5es b\u00e1sicas e s\u00e3o necess\u00e1rios para o funcionamento adequado do site.<\/p>\n<table class=\"wpconsent-cookie-policy-table\">\n<tr>\n<th>Nome<\/th>\n<th>Descri\u00e7\u00e3o<\/th>\n<th>Dura\u00e7\u00e3o<\/th>\n<\/tr>\n<tr>\n<td>wpconsent_preferences<\/td>\n<td>Este cookie \u00e9 usado para armazenar as prefer\u00eancias de consentimento de cookie do usu\u00e1rio.<\/td>\n<td>30 dias<\/td>\n<\/tr>\n<\/table>\n<h3 class=\"wpconsent-cookie-service-name\">Coment\u00e1rios<\/h3>\n<p class=\"wpconsent-cookie-service-description\">Esses cookies s\u00e3o necess\u00e1rios para adicionar coment\u00e1rios neste site.<\/p>\n<table class=\"wpconsent-cookie-policy-table\">\n<tr>\n<th>Nome<\/th>\n<th>Descri\u00e7\u00e3o<\/th>\n<th>Dura\u00e7\u00e3o<\/th>\n<\/tr>\n<tr>\n<td>comment_author<\/td>\n<td>Utilizado para rastrear o usu\u00e1rio em v\u00e1rias sess\u00f5es.<\/td>\n<td>Sess\u00e3o<\/td>\n<\/tr>\n<tr>\n<td>comment_author_email<\/td>\n<td>Utilizado para rastrear o usu\u00e1rio em v\u00e1rias sess\u00f5es.<\/td>\n<td>Sess\u00e3o<\/td>\n<\/tr>\n<tr>\n<td>comment_author_url<\/td>\n<td>Utilizado para rastrear o usu\u00e1rio em v\u00e1rias sess\u00f5es.<\/td>\n<td>Sess\u00e3o<\/td>\n<\/tr>\n<\/table>\n<h2 class=\"wpconsent-cookie-category-name\">Estat\u00edsticas<\/h2>\n<p class=\"wpconsent-cookie-category-description\">Os cookies de estat\u00edsticas coletam informa\u00e7\u00f5es de forma an\u00f4nima. Essas informa\u00e7\u00f5es nos ajudam a entender como os visitantes usam nosso site.<\/p>\n<table class=\"wpconsent-cookie-policy-table\">\n<tr>\n<th>Nome<\/th>\n<th>Descri\u00e7\u00e3o<\/th>\n<th>Dura\u00e7\u00e3o<\/th>\n<\/tr>\n<tr>\n<td>wpconsent_analitics<\/td>\n<td>Utilizamos estes cookies para entender como voc\u00ea interage com nosso conte\u00fado, contando visitas e fontes de tr\u00e1fego. Isso nos permite otimizar a performance e aprimorar sua experi\u00eancia de navega\u00e7\u00e3o.<\/td>\n<td>30 dias<\/td>\n<\/tr>\n<\/table>\n<h2 class=\"wpconsent-cookie-category-name\">Marketing<\/h2>\n<p class=\"wpconsent-cookie-category-description\">Os cookies de marketing s\u00e3o usados \u200b\u200bpara rastrear visitantes de sites. O objetivo \u00e9 exibir an\u00fancios relevantes e interessantes para cada usu\u00e1rio.<\/p>\n<table class=\"wpconsent-cookie-policy-table\">\n<tr>\n<th>Nome<\/th>\n<th>Descri\u00e7\u00e3o<\/th>\n<th>Dura\u00e7\u00e3o<\/th>\n<\/tr>\n<tr>\n<td>wpconsent_terceiros<\/td>\n<td>Cookies de terceiros, como os do Google ou Meta, rastreiam o comportamento do usu\u00e1rio para criar perfis de interesse. Esses dados nos permitem otimizar nossas estrat\u00e9gias de marketing e apresentar ofertas personalizadas baseadas em produtos que voc\u00ea visualizou.<\/td>\n<td>30 dias<\/td>\n<\/tr>\n<\/table>\n<\/div>\n\t\t\t\t\t\t\t\t<\/div>\n\t\t\t\t\t<\/div>\n\t\t\t\t<\/div>\n\t\t\t\t<\/div>","protected":false},"excerpt":{"rendered":"<p>Pol\u00edtica de Cookie Conhe\u00e7a nossas solu\u00e7\u00f5es integradas que transformam neg\u00f3cios e conectam pessoas. \u00a0 Conhe\u00e7a empresas Fale com consultor Esta p\u00e1gina fornece informa\u00e7\u00f5es completas sobre como usamos cookies em nosso site para aprimorar sua experi\u00eancia de navega\u00e7\u00e3o, melhorar o desempenho do site e oferecer conte\u00fado personalizado. Cookies s\u00e3o pequenos arquivos de texto armazenados em seu dispositivo quando voc\u00ea visita nosso site. Eles nos ajudam a entender como os visitantes interagem com nosso site, permitindo-nos oferecer uma experi\u00eancia de usu\u00e1rio mais fluida e eficiente. Na tabela abaixo, voc\u00ea encontrar\u00e1 informa\u00e7\u00f5es detalhadas sobre cada tipo de cookie que usamos, sua finalidade e por quanto tempo permanecem em seu dispositivo. Temos o compromisso de respeitar sua privacidade e fornecer transpar\u00eancia sobre os dados que coletamos por meio de cookies. Para obter mais informa\u00e7\u00f5es sobre como lidamos com seus dados pessoais, consulte nossa Pol\u00edtica de Privacidade. Privacy Policy.<\/p>","protected":false},"author":1,"featured_media":0,"parent":0,"menu_order":0,"comment_status":"closed","ping_status":"closed","template":"elementor_canvas","meta":{"footnotes":""},"class_list":["post-2217","page","type-page","status-publish","hentry"],"_links":{"self":[{"href":"https:\/\/ynpar.com\/pt_pt\/wp-json\/wp\/v2\/pages\/2217","targetHints":{"allow":["GET"]}}],"collection":[{"href":"https:\/\/ynpar.com\/pt_pt\/wp-json\/wp\/v2\/pages"}],"about":[{"href":"https:\/\/ynpar.com\/pt_pt\/wp-json\/wp\/v2\/types\/page"}],"author":[{"embeddable":true,"href":"https:\/\/ynpar.com\/pt_pt\/wp-json\/wp\/v2\/users\/1"}],"replies":[{"embeddable":true,"href":"https:\/\/ynpar.com\/pt_pt\/wp-json\/wp\/v2\/comments?post=2217"}],"version-history":[{"count":0,"href":"https:\/\/ynpar.com\/pt_pt\/wp-json\/wp\/v2\/pages\/2217\/revisions"}],"wp:attachment":[{"href":"https:\/\/ynpar.com\/pt_pt\/wp-json\/wp\/v2\/media?parent=2217"}],"curies":[{"name":"wp","href":"https:\/\/api.w.org\/{rel}","templated":true}]}}