{"id":2254,"date":"2026-01-09T13:40:01","date_gmt":"2026-01-09T16:40:01","guid":{"rendered":"https:\/\/ynpar.com\/?page_id=2254"},"modified":"2026-01-12T10:04:58","modified_gmt":"2026-01-12T13:04:58","slug":"404-2","status":"publish","type":"page","link":"https:\/\/ynpar.com\/pt_pt\/404-2\/","title":{"rendered":"404"},"content":{"rendered":"\t\t<div data-elementor-type=\"wp-page\" data-elementor-id=\"2254\" class=\"elementor elementor-2254\">\n\t\t\t\t<div class=\"elementor-element elementor-element-128c6db e-con-full e-flex wpr-particle-no wpr-jarallax-no wpr-parallax-no wpr-sticky-section-no e-con e-parent\" data-id=\"128c6db\" data-element_type=\"container\" data-e-type=\"container\">\n\t\t\t\t<div class=\"elementor-element elementor-element-830c9e4 elementor-widget elementor-widget-wpr-elementor-template\" data-id=\"830c9e4\" data-element_type=\"widget\" data-e-type=\"widget\" data-widget_type=\"wpr-elementor-template.default\">\n\t\t\t\t\t<style>.elementor-2246 .elementor-element.elementor-element-6fe3020c{--display:flex;--min-height:876px;--justify-content:center;--overlay-opacity:0.5;}.elementor-2246 .elementor-element.elementor-element-6fe3020c:not(.elementor-motion-effects-element-type-background), .elementor-2246 .elementor-element.elementor-element-6fe3020c > .elementor-motion-effects-container > .elementor-motion-effects-layer{background-image:url(\"https:\/\/ynpar.com\/wp-content\/uploads\/2024\/11\/this.jpg\");background-position:center center;background-repeat:no-repeat;background-size:cover;}.elementor-2246 .elementor-element.elementor-element-6fe3020c::before, .elementor-2246 .elementor-element.elementor-element-6fe3020c > .elementor-background-video-container::before, .elementor-2246 .elementor-element.elementor-element-6fe3020c > .e-con-inner > .elementor-background-video-container::before, .elementor-2246 .elementor-element.elementor-element-6fe3020c > .elementor-background-slideshow::before, .elementor-2246 .elementor-element.elementor-element-6fe3020c > .e-con-inner > .elementor-background-slideshow::before, .elementor-2246 .elementor-element.elementor-element-6fe3020c > .elementor-motion-effects-container > .elementor-motion-effects-layer::before{--background-overlay:'';background-color:#D1C152;}.elementor-widget-heading .elementor-heading-title{font-family:var( --e-global-typography-primary-font-family ), Sans-serif;font-size:var( --e-global-typography-primary-font-size );font-weight:var( --e-global-typography-primary-font-weight );color:var( --e-global-color-primary );}.elementor-2246 .elementor-element.elementor-element-7d4f6c86{text-align:center;}.elementor-2246 .elementor-element.elementor-element-7d4f6c86 .elementor-heading-title{font-family:\"Inter Tight\", Sans-serif;font-size:300px;font-weight:700;color:#FFFFFF;}.elementor-2246 .elementor-element.elementor-element-b1169f5{text-align:center;}.elementor-2246 .elementor-element.elementor-element-b1169f5 .elementor-heading-title{font-family:\"Inter\", Sans-serif;font-size:60px;font-weight:700;color:#FFFFFF;}.elementor-2246 .elementor-element.elementor-element-7b48a883{--display:flex;--flex-direction:row;--container-widget-width:calc( ( 1 - var( --container-widget-flex-grow ) ) * 100% );--container-widget-height:100%;--container-widget-flex-grow:1;--container-widget-align-self:stretch;--flex-wrap-mobile:wrap;--justify-content:center;--align-items:flex-end;}.elementor-2246 .elementor-element.elementor-element-66c2444d{--display:flex;}.elementor-2246 .elementor-element.elementor-element-576ad458 .wpr-button{-webkit-transition-duration:0.4s;transition-duration:0.4s;-webkit-animation-duration:0.4s;animation-duration:0.4s;background-color:#333333;border-color:#E8E8E8;border-style:none;border-radius:4px 4px 4px 4px;}.elementor-2246 .elementor-element.elementor-element-576ad458 .wpr-button::before{-webkit-transition-duration:0.4s;transition-duration:0.4s;-webkit-animation-duration:0.4s;animation-duration:0.4s;}.elementor-2246 .elementor-element.elementor-element-576ad458 .wpr-button::after{-webkit-transition-duration:0.4s;transition-duration:0.4s;-webkit-animation-duration:0.4s;animation-duration:0.4s;color:#ffffff;padding:10px 10px 10px 10px;}.elementor-2246 .elementor-element.elementor-element-576ad458 .wpr-button .wpr-button-icon{-webkit-transition-duration:0.4s;transition-duration:0.4s;}.elementor-2246 .elementor-element.elementor-element-576ad458 .wpr-button .wpr-button-icon svg{-webkit-transition-duration:0.4s;transition-duration:0.4s;}.elementor-2246 .elementor-element.elementor-element-576ad458 .wpr-button .wpr-button-text{-webkit-transition-duration:0.4s;transition-duration:0.4s;-webkit-animation-duration:0.4s;animation-duration:0.4s;}.elementor-2246 .elementor-element.elementor-element-576ad458 .wpr-button .wpr-button-content{-webkit-transition-duration:0.4s;transition-duration:0.4s;-webkit-animation-duration:0.4s;animation-duration:0.4s;}.elementor-2246 .elementor-element.elementor-element-576ad458 .wpr-button-wrap{max-width:232px;}.elementor-2246 .elementor-element.elementor-element-576ad458{text-align:center;margin:30px 0px calc(var(--kit-widget-spacing, 0px) + 0px) 0px;}.elementor-2246 .elementor-element.elementor-element-576ad458 .wpr-button-content{-webkit-justify-content:center;justify-content:center;}.elementor-2246 .elementor-element.elementor-element-576ad458 .wpr-button-text{-webkit-justify-content:center;justify-content:center;color:#ffffff;}.elementor-2246 .elementor-element.elementor-element-576ad458 .wpr-button-icon{font-size:18px;}.elementor-2246 .elementor-element.elementor-element-576ad458 .wpr-button-icon svg{width:18px;height:18px;}.elementor-2246 .elementor-element.elementor-element-576ad458.wpr-button-icon-position-left .wpr-button-icon{margin-right:12px;}.elementor-2246 .elementor-element.elementor-element-576ad458.wpr-button-icon-position-right .wpr-button-icon{margin-left:12px;}.elementor-2246 .elementor-element.elementor-element-576ad458.wpr-button-icon-style-inline .wpr-button-icon{color:#ffffff;}.elementor-2246 .elementor-element.elementor-element-576ad458.wpr-button-icon-style-inline .wpr-button-icon svg{fill:#ffffff;}.elementor-2246 .elementor-element.elementor-element-576ad458 .wpr-button-text,.elementor-2246 .elementor-element.elementor-element-576ad458 .wpr-button::after{font-family:\"Poppins\", Sans-serif;font-size:15px;}\t.elementor-2246 .elementor-element.elementor-element-576ad458 [class*=\"elementor-animation\"]:hover,\n\t\t\t\t\t\t\t\t.elementor-2246 .elementor-element.elementor-element-576ad458 .wpr-button::before,\n\t\t\t\t\t\t\t\t.elementor-2246 .elementor-element.elementor-element-576ad458 .wpr-button::after{background-color:#222222;}.elementor-2246 .elementor-element.elementor-element-576ad458 .wpr-button:hover .wpr-button-text{color:#ffffff;}.elementor-2246 .elementor-element.elementor-element-576ad458.wpr-button-icon-style-inline .wpr-button:hover .wpr-button-icon{color:#ffffff;}.elementor-2246 .elementor-element.elementor-element-576ad458.wpr-button-icon-style-inline .wpr-button:hover .wpr-button-icon svg{fill:#ffffff;}.elementor-2246 .elementor-element.elementor-element-576ad458 .wpr-button:focus .wpr-button-text{color:#ffffff;}.elementor-2246 .elementor-element.elementor-element-576ad458.wpr-button-icon-style-inline .wpr-button:focus .wpr-button-icon{color:#ffffff;}.elementor-2246 .elementor-element.elementor-element-576ad458.wpr-button-icon-style-inline .wpr-button:focus .wpr-button-icon svg{fill:#ffffff;}.elementor-2246 .elementor-element.elementor-element-576ad458 .wpr-button:hover{border-color:#E8E8E8;}.elementor-2246 .elementor-element.elementor-element-576ad458.wpr-button-icon-style-inline .wpr-button{padding:10px 10px 10px 10px;}.elementor-2246 .elementor-element.elementor-element-576ad458.wpr-button-icon-style-block .wpr-button-text{padding:10px 10px 10px 10px;}.elementor-2246 .elementor-element.elementor-element-576ad458.wpr-button-icon-style-inline-block .wpr-button-content{padding:10px 10px 10px 10px;}.elementor-2246 .elementor-element.elementor-element-1f02dadd .wpr-search-form-input{color:#333333;background-color:#ffffff;border-color:#E8E8E8;text-align:left;border-width:1px 1px 1px 1px;border-radius:2px 2px 2px 2px !important;padding:15px 15px 15px 15px;}.elementor-2246 .elementor-element.elementor-element-1f02dadd .wpr-search-form-input::-webkit-input-placeholder{color:#9e9e9e;}.elementor-2246 .elementor-element.elementor-element-1f02dadd .wpr-search-form-input:-ms-input-placeholder{color:#9e9e9e;}.elementor-2246 .elementor-element.elementor-element-1f02dadd .wpr-search-form-input::-moz-placeholder{color:#9e9e9e;}.elementor-2246 .elementor-element.elementor-element-1f02dadd .wpr-search-form-input:-moz-placeholder{color:#9e9e9e;}.elementor-2246 .elementor-element.elementor-element-1f02dadd .wpr-search-form-input::placeholder{color:#9e9e9e;}.elementor-2246 .elementor-element.elementor-element-1f02dadd .wpr-data-fetch{border-color:#E8E8E8;border-width:1px 1px 1px 1px;border-radius:0 0 2px 2px;}.elementor-2246 .elementor-element.elementor-element-1f02dadd.wpr-search-form-input-focus .wpr-search-form-input{color:#333333;background-color:#ffffff;border-color:#E8E8E8;}.elementor-2246 .elementor-element.elementor-element-1f02dadd.wpr-search-form-input-focus .wpr-search-form-input::-webkit-input-placeholder{color:#9e9e9e;}.elementor-2246 .elementor-element.elementor-element-1f02dadd.wpr-search-form-input-focus .wpr-search-form-input:-ms-input-placeholder{color:#9e9e9e;}.elementor-2246 .elementor-element.elementor-element-1f02dadd.wpr-search-form-input-focus .wpr-search-form-input::-moz-placeholder{color:#9e9e9e;}.elementor-2246 .elementor-element.elementor-element-1f02dadd.wpr-search-form-input-focus .wpr-search-form-input:-moz-placeholder{color:#9e9e9e;}.elementor-2246 .elementor-element.elementor-element-1f02dadd.wpr-search-form-input-focus .wpr-search-form-input::placeholder{color:#9e9e9e;}.elementor-2246 .elementor-element.elementor-element-1f02dadd .wpr-category-select-wrap::before{right:15px;}.elementor-2246 .elementor-element.elementor-element-1f02dadd .wpr-category-select{padding:15px 15px 15px 15px;}.elementor-2246 .elementor-element.elementor-element-1f02dadd .wpr-search-form-submit{color:#ffffff;background-color:#605BE5;border-color:#E8E8E8;min-width:125px;border-width:0px 0px 0px 0px;border-radius:0px 0px 0px 0px;}.elementor-2246 .elementor-element.elementor-element-1f02dadd .wpr-search-form-submit:hover{color:#ffffff;background-color:#4A45D2;border-color:#E8E8E8;}.elementor-2246 .elementor-element.elementor-element-1f02dadd.elementor-element{--flex-grow:0;--flex-shrink:0;}@media(min-width:768px){.elementor-2246 .elementor-element.elementor-element-66c2444d{--width:78%;}}@media(max-width:1366px){.elementor-2246 .elementor-element.elementor-element-6fe3020c{--padding-top:0px;--padding-bottom:0px;--padding-left:20px;--padding-right:20px;}.elementor-widget-heading .elementor-heading-title{font-size:var( --e-global-typography-primary-font-size );}.elementor-2246 .elementor-element.elementor-element-1f02dadd{width:var( --container-widget-width, 854.2px );max-width:854.2px;--container-widget-width:854.2px;--container-widget-flex-grow:0;}}@media(max-width:1024px){.elementor-widget-heading .elementor-heading-title{font-size:var( --e-global-typography-primary-font-size );}.elementor-2246 .elementor-element.elementor-element-7d4f6c86 .elementor-heading-title{font-size:300px;}}@media(max-width:767px){.elementor-2246 .elementor-element.elementor-element-6fe3020c{--min-height:568px;}.elementor-widget-heading .elementor-heading-title{font-size:var( --e-global-typography-primary-font-size );}.elementor-2246 .elementor-element.elementor-element-7d4f6c86 .elementor-heading-title{font-size:132px;}.elementor-2246 .elementor-element.elementor-element-b1169f5 .elementor-heading-title{font-size:40px;line-height:1.1em;letter-spacing:0.2px;word-spacing:0em;}.elementor-2246 .elementor-element.elementor-element-576ad458{margin:10px 0px calc(var(--kit-widget-spacing, 0px) + 0px) 0px;}}<\/style>\t\t<div data-elementor-type=\"container\" data-elementor-id=\"2246\" class=\"elementor elementor-2246\">\n\t\t\t\t<div class=\"elementor-element elementor-element-6fe3020c e-flex e-con-boxed wpr-particle-no wpr-jarallax-no wpr-parallax-no wpr-sticky-section-no e-con e-parent\" data-id=\"6fe3020c\" data-element_type=\"container\" data-e-type=\"container\" data-settings=\"{&quot;background_background&quot;:&quot;classic&quot;}\">\n\t\t\t\t\t<div class=\"e-con-inner\">\n\t\t\t\t<div class=\"elementor-element elementor-element-7d4f6c86 elementor-widget elementor-widget-heading\" data-id=\"7d4f6c86\" data-element_type=\"widget\" data-e-type=\"widget\" data-widget_type=\"heading.default\">\n\t\t\t\t\t<h2 class=\"elementor-heading-title elementor-size-default\">404<\/h2>\t\t\t\t<\/div>\n\t\t\t\t<div class=\"elementor-element elementor-element-b1169f5 elementor-widget elementor-widget-heading\" data-id=\"b1169f5\" data-element_type=\"widget\" data-e-type=\"widget\" data-widget_type=\"heading.default\">\n\t\t\t\t\t<h2 class=\"elementor-heading-title elementor-size-default\">Oops, P\u00e1gina n\u00e3o existe<\/h2>\t\t\t\t<\/div>\n\t\t<div class=\"elementor-element elementor-element-7b48a883 e-con-full e-flex wpr-particle-no wpr-jarallax-no wpr-parallax-no wpr-sticky-section-no e-con e-child\" data-id=\"7b48a883\" data-element_type=\"container\" data-e-type=\"container\">\n\t\t<div class=\"elementor-element elementor-element-66c2444d e-con-full e-flex wpr-particle-no wpr-jarallax-no wpr-parallax-no wpr-sticky-section-no e-con e-child\" data-id=\"66c2444d\" data-element_type=\"container\" data-e-type=\"container\">\n\t\t\t\t<div class=\"elementor-element elementor-element-576ad458 wpr-button-icon-style-inline wpr-button-icon-position-right elementor-widget elementor-widget-wpr-button\" data-id=\"576ad458\" data-element_type=\"widget\" data-e-type=\"widget\" data-widget_type=\"wpr-button.default\">\n\t\t\t\t\t\t\n\t\t\t\n\t\t\n\t\t<div class=\"wpr-button-wrap elementor-clearfix\">\n\t\t<a class=\"wpr-button wpr-button-effect wpr-button-none\" data-text=\"\" href=\"https:\/\/www.ynpar.com\/\">\n\t\t\t\n\t\t\t<span class=\"wpr-button-content\">\n\t\t\t\t\t\t\t\t\t<span class=\"wpr-button-text\">Retorne \u00e0 Home Page<\/span>\n\t\t\t\t\t\t\t\t\n\t\t\t\t\t\t\t<\/span>\n\t\t<\/a>\n\n\t\t\t\t<\/div>\n\t\n\t\n\t\t\t\t\t<\/div>\n\t\t\t\t<div class=\"elementor-element elementor-element-1f02dadd elementor-widget-laptop__width-initial wpr-search-form-style-inner wpr-search-form-position-right elementor-widget elementor-widget-wpr-search\" data-id=\"1f02dadd\" data-element_type=\"widget\" data-e-type=\"widget\" data-widget_type=\"wpr-search.default\">\n\t\t\t\t\t\n\t\t<form role=\"search\" method=\"get\" class=\"wpr-search-form\" action=\"https:\/\/ynpar.com\/pt_pt\">\n\n\t\t\t<div class=\"wpr-search-form-input-wrap elementor-clearfix\">\n\t\t\t\t<input class=\"wpr-search-form-input\" placeholder=\"Procure aqui...\" aria-label=\"Search\" type=\"search\" name=\"s\" title=\"Search\" value=\"\" wpr-query-type=\"all\" wpr-taxonomy-type=\"\" number-of-results=\"2\" ajax-search=\"\" meta-query=\"\" show-description=\"yes\" number-of-words=\"30\" show-ajax-thumbnails=\"\" show-view-result-btn=\"\" show-product-price=\"no\" view-result-text=\"View Results\" no-results=\"No Results Found\" exclude-without-thumb=\"\" link-target=\"_self\" password-protected=\"no\" attachments=\"no\">\n\t\t\t\t\n\t\t<button class=\"wpr-search-form-submit\" aria-label=\"Search\" type=\"submit\">\n\t\t\t\t\t\t\t<i class=\"fas fa-search\"><\/i>\n\t\t\t\t\t<\/button>\n\n\t\t\t\t\t<\/div>\n\n\t\t\t\t\t<\/form>\n\t\t<div class=\"wpr-data-fetch\">\n\t\t\t<span class=\"wpr-close-search\"><\/span>\n\t\t\t<ul><\/ul>\n\t\t\t\t\t<\/div>\n\t\t\n\t\t\t\t\t\t<\/div>\n\t\t\t\t<\/div>\n\t\t\t\t<\/div>\n\t\t\t\t\t<\/div>\n\t\t\t\t<\/div>\n\t\t\t\t<\/div>\n\t\t<span class=\"wpr-template-edit-btn\" data-permalink=\"https:\/\/ynpar.com\/pt_pt\/?elementor_library=404-2\">Edit Template<\/span>\t\t\t\t<\/div>\n\t\t\t\t<\/div>\n\t\t\t\t<\/div>\n\t\t","protected":false},"excerpt":{"rendered":"<p>404 Oops, P\u00e1gina n\u00e3o existe Retorne \u00e0 Home Page More than 2 results are available in the PRO version (This notice is only visible to admin users) Edit Template<\/p>","protected":false},"author":1,"featured_media":0,"parent":0,"menu_order":0,"comment_status":"closed","ping_status":"closed","template":"elementor_canvas","meta":{"footnotes":""},"class_list":["post-2254","page","type-page","status-publish","hentry"],"_links":{"self":[{"href":"https:\/\/ynpar.com\/pt_pt\/wp-json\/wp\/v2\/pages\/2254","targetHints":{"allow":["GET"]}}],"collection":[{"href":"https:\/\/ynpar.com\/pt_pt\/wp-json\/wp\/v2\/pages"}],"about":[{"href":"https:\/\/ynpar.com\/pt_pt\/wp-json\/wp\/v2\/types\/page"}],"author":[{"embeddable":true,"href":"https:\/\/ynpar.com\/pt_pt\/wp-json\/wp\/v2\/users\/1"}],"replies":[{"embeddable":true,"href":"https:\/\/ynpar.com\/pt_pt\/wp-json\/wp\/v2\/comments?post=2254"}],"version-history":[{"count":0,"href":"https:\/\/ynpar.com\/pt_pt\/wp-json\/wp\/v2\/pages\/2254\/revisions"}],"wp:attachment":[{"href":"https:\/\/ynpar.com\/pt_pt\/wp-json\/wp\/v2\/media?parent=2254"}],"curies":[{"name":"wp","href":"https:\/\/api.w.org\/{rel}","templated":true}]}}